{"id":293,"date":"2023-05-18T13:15:56","date_gmt":"2023-05-18T13:15:56","guid":{"rendered":"https:\/\/mgv-limburgerhof.de\/start\/?page_id=293"},"modified":"2025-06-29T11:33:41","modified_gmt":"2025-06-29T11:33:41","slug":"archiv","status":"publish","type":"page","link":"https:\/\/mgv-limburgerhof.de\/start\/archiv\/","title":{"rendered":"Eingeschr\u00e4nkter Inhalt"},"content":{"rendered":"\t\t<div data-elementor-type=\"wp-page\" data-elementor-id=\"293\" class=\"elementor elementor-293\">\n\t\t\t\t\t\t<section class=\"elementor-section elementor-top-section elementor-element elementor-element-d4919d6 elementor-section-boxed elementor-section-height-default elementor-section-height-default\" data-id=\"d4919d6\" data-element_type=\"section\" data-e-type=\"section\">\n\t\t\t\t\t\t<div class=\"elementor-container elementor-column-gap-default\">\n\t\t\t\t\t<div class=\"elementor-column elementor-col-100 elementor-top-column elementor-element elementor-element-25d179d\" data-id=\"25d179d\" data-element_type=\"column\" data-e-type=\"column\">\n\t\t\t<div class=\"elementor-widget-wrap elementor-element-populated\">\n\t\t\t\t\t\t<div class=\"elementor-element elementor-element-bb46e93 elementor-widget elementor-widget-menu-anchor\" data-id=\"bb46e93\" data-element_type=\"widget\" data-e-type=\"widget\" data-widget_type=\"menu-anchor.default\">\n\t\t\t\t<div class=\"elementor-widget-container\">\n\t\t\t\t\t\t\t<div class=\"elementor-menu-anchor\" id=\"ARCHIV\"><\/div>\n\t\t\t\t\t\t<\/div>\n\t\t\t\t<\/div>\n\t\t\t\t\t<\/div>\n\t\t<\/div>\n\t\t\t\t\t<\/div>\n\t\t<\/section>\n\t\t\t\t<section class=\"elementor-section elementor-top-section elementor-element elementor-element-43ceae3 elementor-section-boxed elementor-section-height-default elementor-section-height-default\" data-id=\"43ceae3\" data-element_type=\"section\" data-e-type=\"section\">\n\t\t\t\t\t\t<div class=\"elementor-container elementor-column-gap-default\">\n\t\t\t\t\t<div class=\"elementor-column elementor-col-100 elementor-top-column elementor-element elementor-element-31e2a82\" data-id=\"31e2a82\" data-element_type=\"column\" data-e-type=\"column\">\n\t\t\t<div class=\"elementor-widget-wrap elementor-element-populated\">\n\t\t\t\t\t\t<div class=\"elementor-element elementor-element-a41ba4b elementor-widget elementor-widget-shortcode\" data-id=\"a41ba4b\" data-element_type=\"widget\" data-e-type=\"widget\" data-widget_type=\"shortcode.default\">\n\t\t\t\t<div class=\"elementor-widget-container\">\n\t\t\t\t\t\t\t<div class=\"elementor-shortcode\"><div  class=\"rpwe-block\"><ul class=\"rpwe-ul\"><li class=\"rpwe-li rpwe-clearfix\"><a class=\"rpwe-img\" href=\"https:\/\/mgv-limburgerhof.de\/start\/14-16-03-2025-probenwochenende-in-homburg\/\" rel=\"bookmark\"><img decoding=\"async\" class=\"rpwe-alignleft rpwe-thumb rpwe-default-thumb\" src=\"https:\/\/via.placeholder.com\/45x45\/f0f0f0\/ccc\" alt=\"14. &#8211; 16.03.2025 Probenwochenende in Homburg\" width=\"45\" height=\"45\"><\/a><h3 class=\"rpwe-title\"><a href=\"https:\/\/mgv-limburgerhof.de\/start\/14-16-03-2025-probenwochenende-in-homburg\/\" target=\"_self\">14. &#8211; 16.03.2025 Probenwochenende in Homburg<\/a><\/h3><time class=\"rpwe-time published\" datetime=\"2025-03-16T12:21:00+00:00\">16. M\u00e4rz 2025<\/time><div class=\"rpwe-summary\">Vom 14. bis 16. M\u00e4rz reisten die No Limits, der &hellip;<\/div><\/li><li class=\"rpwe-li rpwe-clearfix\"><a class=\"rpwe-img\" href=\"https:\/\/mgv-limburgerhof.de\/start\/12-10-2024-konzert-a-million-dreams\/\" target=\"_self\"><img loading=\"lazy\" class=\"rpwe-alignleft rpwe-thumb\" src=\"https:\/\/mgv-limburgerhof.de\/wp-content\/uploads\/2024\/11\/WhatsApp-Image-2024-11-20-at-13.24.49-e1732111533339-45x45.jpeg\" alt=\"12.10.2024 &#8211; Konzert &#8220;A Million Dreams&#8221;\" height=\"45\" width=\"45\" loading=\"lazy\" decoding=\"async\"><\/a><h3 class=\"rpwe-title\"><a href=\"https:\/\/mgv-limburgerhof.de\/start\/12-10-2024-konzert-a-million-dreams\/\" target=\"_self\">12.10.2024 &#8211; Konzert &#8220;A Million Dreams&#8221;<\/a><\/h3><time class=\"rpwe-time published\" datetime=\"2024-10-12T21:53:00+00:00\">12. Oktober 2024<\/time><div class=\"rpwe-summary\">Mehr als 360 Karten haben die No Limits f\u00fcr ihr &hellip;<\/div><\/li><li class=\"rpwe-li rpwe-clearfix\"><a class=\"rpwe-img\" href=\"https:\/\/mgv-limburgerhof.de\/start\/04-05-05-24-spargelfest-ein-voller-erfolg\/\" rel=\"bookmark\"><img decoding=\"async\" class=\"rpwe-alignleft rpwe-thumb rpwe-default-thumb\" src=\"https:\/\/via.placeholder.com\/45x45\/f0f0f0\/ccc\" alt=\"04. &#8211; 05.05.24 Spargelfest ein voller Erfolg\" width=\"45\" height=\"45\"><\/a><h3 class=\"rpwe-title\"><a href=\"https:\/\/mgv-limburgerhof.de\/start\/04-05-05-24-spargelfest-ein-voller-erfolg\/\" target=\"_self\">04. &#8211; 05.05.24 Spargelfest ein voller Erfolg<\/a><\/h3><time class=\"rpwe-time published\" datetime=\"2024-05-05T21:51:00+00:00\">5. Mai 2024<\/time><div class=\"rpwe-summary\">Zum 20. Mal veranstaltete der Gesangverein -MGV- 1903 Limburgerhof e.V. &hellip;<\/div><\/li><li class=\"rpwe-li rpwe-clearfix\"><a class=\"rpwe-img\" href=\"https:\/\/mgv-limburgerhof.de\/start\/05-07-04-24-probenwochenende-in-wolfstein\/\" rel=\"bookmark\"><img decoding=\"async\" class=\"rpwe-alignleft rpwe-thumb rpwe-default-thumb\" src=\"https:\/\/via.placeholder.com\/45x45\/f0f0f0\/ccc\" alt=\"05. &#8211; 07.04.24 Probenwochenende in Wolfstein\" width=\"45\" height=\"45\"><\/a><h3 class=\"rpwe-title\"><a href=\"https:\/\/mgv-limburgerhof.de\/start\/05-07-04-24-probenwochenende-in-wolfstein\/\" target=\"_self\">05. &#8211; 07.04.24 Probenwochenende in Wolfstein<\/a><\/h3><time class=\"rpwe-time published\" datetime=\"2024-04-07T21:52:00+00:00\">7. April 2024<\/time><div class=\"rpwe-summary\">Das Konzert der No Limits im Oktober r\u00fcckt n\u00e4her. Der &hellip;<\/div><\/li><li class=\"rpwe-li rpwe-clearfix\"><a class=\"rpwe-img\" href=\"https:\/\/mgv-limburgerhof.de\/start\/08-10-12-23-weihnachtsauftritte-have-yourself-a-merry-little-christmas\/\" target=\"_self\"><img loading=\"lazy\" class=\"rpwe-alignleft rpwe-thumb\" src=\"https:\/\/mgv-limburgerhof.de\/wp-content\/uploads\/2023\/12\/image0-scaled-45x45.jpeg\" alt=\"08. &#8211; 10.12.23 Weihnachtsauftritte &#8220;Have yourself a merry little christmas&#8221;\" height=\"45\" width=\"45\" loading=\"lazy\" decoding=\"async\"><\/a><h3 class=\"rpwe-title\"><a href=\"https:\/\/mgv-limburgerhof.de\/start\/08-10-12-23-weihnachtsauftritte-have-yourself-a-merry-little-christmas\/\" target=\"_self\">08. &#8211; 10.12.23 Weihnachtsauftritte &#8220;Have yourself a merry little christmas&#8221;<\/a><\/h3><time class=\"rpwe-time published\" datetime=\"2023-12-10T21:50:00+00:00\">10. Dezember 2023<\/time><div class=\"rpwe-summary\">Volles Programm f\u00fcr die S\u00e4ngerinnen und S\u00e4nger der No Limits &hellip;<\/div><\/li><li class=\"rpwe-li rpwe-clearfix\"><a class=\"rpwe-img\" href=\"https:\/\/mgv-limburgerhof.de\/start\/06-08-10-23-gut-besuchtes-probewochenende-der-no-limits\/\" rel=\"bookmark\"><img loading=\"lazy\" decoding=\"async\" class=\"rpwe-alignleft rpwe-thumb rpwe-default-thumb\" src=\"https:\/\/via.placeholder.com\/45x45\/f0f0f0\/ccc\" alt=\"06. &#8211; 08.10.23 Gut besuchtes Probewochenende der \u201eNo Limits\u201c\" width=\"45\" height=\"45\"><\/a><h3 class=\"rpwe-title\"><a href=\"https:\/\/mgv-limburgerhof.de\/start\/06-08-10-23-gut-besuchtes-probewochenende-der-no-limits\/\" target=\"_self\">06. &#8211; 08.10.23 Gut besuchtes Probewochenende der \u201eNo Limits\u201c<\/a><\/h3><time class=\"rpwe-time published\" datetime=\"2023-10-08T21:49:00+00:00\">8. Oktober 2023<\/time><div class=\"rpwe-summary\">Mehr als 40 S\u00e4nger \u2013 so viele wie seit vielen &hellip;<\/div><\/li><li class=\"rpwe-li rpwe-clearfix\"><a class=\"rpwe-img\" href=\"https:\/\/mgv-limburgerhof.de\/start\/21-07-23-lauer-sommerabend-im-saengerheim\/\" target=\"_self\"><img loading=\"lazy\" class=\"rpwe-alignleft rpwe-thumb\" src=\"https:\/\/mgv-limburgerhof.de\/wp-content\/uploads\/2025\/06\/204376-2-45x45.jpg\" alt=\"21.07.23 Lauer Sommerabend im S\u00e4ngerheim\" height=\"45\" width=\"45\" loading=\"lazy\" decoding=\"async\"><\/a><h3 class=\"rpwe-title\"><a href=\"https:\/\/mgv-limburgerhof.de\/start\/21-07-23-lauer-sommerabend-im-saengerheim\/\" target=\"_self\">21.07.23 Lauer Sommerabend im S\u00e4ngerheim<\/a><\/h3><time class=\"rpwe-time published\" datetime=\"2023-07-21T21:48:00+00:00\">21. Juli 2023<\/time><div class=\"rpwe-summary\">Nach der Premiere im vergangenen Jahr lud der Gesangverein-MGV- 1903 &hellip;<\/div><\/li><li class=\"rpwe-li rpwe-clearfix\"><a class=\"rpwe-img\" href=\"https:\/\/mgv-limburgerhof.de\/start\/28-04-23-auftritt-auf-der-buga-mannheim-mit-dem-integrativen-ensemble-e4-joy\/\" target=\"_self\"><img loading=\"lazy\" class=\"rpwe-alignleft rpwe-thumb\" src=\"https:\/\/mgv-limburgerhof.de\/wp-content\/uploads\/2023\/05\/c7b2ac25-b3e9-4b13-b30e-c8b31eaa1ace-45x45.jpeg\" alt=\"28.04.23 Auftritt auf der BuGa Mannheim mit dem integrativen Ensemble E4 Joy\" height=\"45\" width=\"45\" loading=\"lazy\" decoding=\"async\"><\/a><h3 class=\"rpwe-title\"><a href=\"https:\/\/mgv-limburgerhof.de\/start\/28-04-23-auftritt-auf-der-buga-mannheim-mit-dem-integrativen-ensemble-e4-joy\/\" target=\"_self\">28.04.23 Auftritt auf der BuGa Mannheim mit dem integrativen Ensemble E4 Joy<\/a><\/h3><time class=\"rpwe-time published\" datetime=\"2023-04-28T21:47:00+00:00\">28. April 2023<\/time><div class=\"rpwe-summary\">Beim Auftritt auf der Bundesgartenschau in Mannheim durften die No &hellip;<\/div><\/li><li class=\"rpwe-li rpwe-clearfix\"><a class=\"rpwe-img\" href=\"https:\/\/mgv-limburgerhof.de\/start\/08-10-22-jubilaeumskonzert-25-jahre-no-limits-seasons-of-love\/\" target=\"_self\"><img loading=\"lazy\" class=\"rpwe-alignleft rpwe-thumb\" src=\"https:\/\/mgv-limburgerhof.de\/wp-content\/uploads\/2022\/10\/IMG-20220806-WA0000-45x45.jpg\" alt=\"08.10.22 Jubil\u00e4umskonzert &#8220;25 Jahre No Limits -Seasons of Love&#8221;\" height=\"45\" width=\"45\" loading=\"lazy\" decoding=\"async\"><\/a><h3 class=\"rpwe-title\"><a href=\"https:\/\/mgv-limburgerhof.de\/start\/08-10-22-jubilaeumskonzert-25-jahre-no-limits-seasons-of-love\/\" target=\"_self\">08.10.22 Jubil\u00e4umskonzert &#8220;25 Jahre No Limits -Seasons of Love&#8221;<\/a><\/h3><time class=\"rpwe-time published\" datetime=\"2022-10-08T21:46:00+00:00\">8. Oktober 2022<\/time><div class=\"rpwe-summary\">Zwei Zugaben verlangte das Publikum im Kultursaal beim Jubil\u00e4umskonzert der &hellip;<\/div><\/li><li class=\"rpwe-li rpwe-clearfix\"><a class=\"rpwe-img\" href=\"https:\/\/mgv-limburgerhof.de\/start\/22-07-22-lauer-sommerabend-im-saengerheim\/\" target=\"_self\"><img loading=\"lazy\" class=\"rpwe-alignleft rpwe-thumb\" src=\"https:\/\/mgv-limburgerhof.de\/wp-content\/uploads\/2022\/10\/IMG-20220722-WA0004-45x45.jpg\" alt=\"22.07.22 Lauer Sommerabend im S\u00e4ngerheim\" height=\"45\" width=\"45\" loading=\"lazy\" decoding=\"async\"><\/a><h3 class=\"rpwe-title\"><a href=\"https:\/\/mgv-limburgerhof.de\/start\/22-07-22-lauer-sommerabend-im-saengerheim\/\" target=\"_self\">22.07.22 Lauer Sommerabend im S\u00e4ngerheim<\/a><\/h3><time class=\"rpwe-time published\" datetime=\"2022-07-22T19:44:00+00:00\">22. Juli 2022<\/time><div class=\"rpwe-summary\">Mit einem neuen Format hat der Gesangverein -MGV- 1903 Limburgerhof &hellip;<\/div><\/li><\/ul><\/div><!-- Generated by http:\/\/wordpress.org\/plugins\/recent-posts-widget-extended\/ --><\/div>\n\t\t\t\t\t\t<\/div>\n\t\t\t\t<\/div>\n\t\t\t\t\t<\/div>\n\t\t<\/div>\n\t\t\t\t\t<\/div>\n\t\t<\/section>\n\t\t\t\t<section class=\"elementor-section elementor-top-section elementor-element elementor-element-8206d63 elementor-section-boxed elementor-section-height-default elementor-section-height-default\" data-id=\"8206d63\" data-element_type=\"section\" data-e-type=\"section\">\n\t\t\t\t\t\t<div class=\"elementor-container elementor-column-gap-default\">\n\t\t\t\t\t<div class=\"elementor-column elementor-col-100 elementor-top-column elementor-element elementor-element-0708524\" data-id=\"0708524\" data-element_type=\"column\" data-e-type=\"column\">\n\t\t\t<div class=\"elementor-widget-wrap elementor-element-populated\">\n\t\t\t\t\t\t<div class=\"elementor-element elementor-element-e0aad0b elementor-arrows-position-inside elementor-pagination-position-outside elementor-widget elementor-widget-image-carousel\" data-id=\"e0aad0b\" data-element_type=\"widget\" data-e-type=\"widget\" data-settings=\"{&quot;navigation&quot;:&quot;both&quot;,&quot;autoplay&quot;:&quot;yes&quot;,&quot;pause_on_hover&quot;:&quot;yes&quot;,&quot;pause_on_interaction&quot;:&quot;yes&quot;,&quot;autoplay_speed&quot;:5000,&quot;infinite&quot;:&quot;yes&quot;,&quot;speed&quot;:500}\" data-widget_type=\"image-carousel.default\">\n\t\t\t\t<div class=\"elementor-widget-container\">\n\t\t\t\t\t\t\t<div class=\"elementor-image-carousel-wrapper swiper\" role=\"region\" aria-roledescription=\"carousel\" aria-label=\"Bild Karussell\" dir=\"ltr\">\n\t\t\t<div class=\"elementor-image-carousel swiper-wrapper\" aria-live=\"off\">\n\t\t\t\t\t\t\t\t<div class=\"swiper-slide\" role=\"group\" aria-roledescription=\"slide\" aria-label=\"1 von 4\"><figure class=\"swiper-slide-inner\"><img decoding=\"async\" class=\"swiper-slide-image\" src=\"https:\/\/mgv-limburgerhof.de\/wp-content\/uploads\/2023\/05\/WhatsApp-Image-2023-05-18-at-17.22.40-150x150.jpeg\" alt=\"WhatsApp Image 2023-05-18 at 17.22.40\" \/><\/figure><\/div><div class=\"swiper-slide\" role=\"group\" aria-roledescription=\"slide\" aria-label=\"2 von 4\"><figure class=\"swiper-slide-inner\"><img decoding=\"async\" class=\"swiper-slide-image\" src=\"https:\/\/mgv-limburgerhof.de\/wp-content\/uploads\/2023\/05\/WhatsApp-Image-2023-05-18-at-17.22.42-150x150.jpeg\" alt=\"WhatsApp Image 2023-05-18 at 17.22.42\" \/><\/figure><\/div><div class=\"swiper-slide\" role=\"group\" aria-roledescription=\"slide\" aria-label=\"3 von 4\"><figure class=\"swiper-slide-inner\"><img decoding=\"async\" class=\"swiper-slide-image\" src=\"https:\/\/mgv-limburgerhof.de\/wp-content\/uploads\/2023\/05\/WhatsApp-Image-2023-05-18-at-17.22.44-150x150.jpeg\" alt=\"WhatsApp Image 2023-05-18 at 17.22.44\" \/><\/figure><\/div><div class=\"swiper-slide\" role=\"group\" aria-roledescription=\"slide\" aria-label=\"4 von 4\"><figure class=\"swiper-slide-inner\"><img decoding=\"async\" class=\"swiper-slide-image\" src=\"https:\/\/mgv-limburgerhof.de\/wp-content\/uploads\/2023\/05\/WhatsApp-Image-2023-05-18-at-17.17.59-150x150.jpeg\" alt=\"WhatsApp Image 2023-05-18 at 17.17.59\" \/><\/figure><\/div>\t\t\t<\/div>\n\t\t\t\t\t\t\t\t\t\t\t\t<div class=\"elementor-swiper-button elementor-swiper-button-prev\" role=\"button\" tabindex=\"0\">\n\t\t\t\t\t\t<i aria-hidden=\"true\" class=\"eicon-chevron-left\"><\/i>\t\t\t\t\t<\/div>\n\t\t\t\t\t<div class=\"elementor-swiper-button elementor-swiper-button-next\" role=\"button\" tabindex=\"0\">\n\t\t\t\t\t\t<i aria-hidden=\"true\" class=\"eicon-chevron-right\"><\/i>\t\t\t\t\t<\/div>\n\t\t\t\t\n\t\t\t\t\t\t\t\t\t<div class=\"swiper-pagination\"><\/div>\n\t\t\t\t\t\t\t\t\t<\/div>\n\t\t\t\t\t\t<\/div>\n\t\t\t\t<\/div>\n\t\t\t\t\t<\/div>\n\t\t<\/div>\n\t\t\t\t\t<\/div>\n\t\t<\/section>\n\t\t\t\t<\/div>\n\t\t","protected":false},"excerpt":{"rendered":"","protected":false},"author":1,"featured_media":0,"parent":0,"menu_order":0,"comment_status":"closed","ping_status":"closed","template":"","meta":{"footnotes":""},"class_list":["post-293","page","type-page","status-publish","hentry"],"_links":{"self":[{"href":"https:\/\/mgv-limburgerhof.de\/start\/wp-json\/wp\/v2\/pages\/293","targetHints":{"allow":["GET"]}}],"collection":[{"href":"https:\/\/mgv-limburgerhof.de\/start\/wp-json\/wp\/v2\/pages"}],"about":[{"href":"https:\/\/mgv-limburgerhof.de\/start\/wp-json\/wp\/v2\/types\/page"}],"author":[{"embeddable":true,"href":"https:\/\/mgv-limburgerhof.de\/start\/wp-json\/wp\/v2\/users\/1"}],"replies":[{"embeddable":true,"href":"https:\/\/mgv-limburgerhof.de\/start\/wp-json\/wp\/v2\/comments?post=293"}],"version-history":[{"count":26,"href":"https:\/\/mgv-limburgerhof.de\/start\/wp-json\/wp\/v2\/pages\/293\/revisions"}],"predecessor-version":[{"id":581,"href":"https:\/\/mgv-limburgerhof.de\/start\/wp-json\/wp\/v2\/pages\/293\/revisions\/581"}],"wp:attachment":[{"href":"https:\/\/mgv-limburgerhof.de\/start\/wp-json\/wp\/v2\/media?parent=293"}],"curies":[{"name":"wp","href":"https:\/\/api.w.org\/{rel}","templated":true}]}}